{"id":120,"date":"2018-02-18T06:29:50","date_gmt":"2018-02-18T06:29:50","guid":{"rendered":"http:\/\/www.agricolaintegral.bio\/?page_id=120"},"modified":"2018-02-18T18:42:51","modified_gmt":"2018-02-18T18:42:51","slug":"ganaderia","status":"publish","type":"page","link":"https:\/\/www.agricolaintegral.com\/?page_id=120","title":{"rendered":"Ganader\u00eda"},"content":{"rendered":"<p>Soluciones Naturales\u00ae tiene una amplia gama de aplicaciones en la ganader\u00eda que van desde la recuperaci\u00f3n de pastos hasta la sanidad del ganado y de las instalaciones. El uso de la Tecnolog\u00eda BM es simple y totalmente adaptable a las condiciones existentes en los actuales sistemas de producci\u00f3n ganaderos.<br \/>\nA continuaci\u00f3n, le informamos c\u00f3mo usar Soluciones Naturales\u00ae y los beneficios que esta\u00a0 tecnolog\u00eda puede brindarle en combinaci\u00f3n de nuestro producto Vitalit\u00ae.<\/p>\n<p><!--more--><\/p>\n<h2>RECUPERACI\u00d3N DE PASTOS<\/h2>\n<p style=\"text-align: left;\">Soluciones Naturales\u00ae puede ser utilizado para mejorar las condiciones f\u00edsico-qu\u00edmicas y microbiol\u00f3gicas del suelo; adem\u00e1s de que acelera la descomposici\u00f3n natural de los residuos org\u00e1nicos dejados en el campo. Con esto, es posible recuperar los pastos degradados y aumentar la disponibilidad de materia seca para el reba\u00f1o.<\/p>\n<h4>Modo de usar y consideraciones<\/h4>\n<ul>\n<li>20 a 40L de Soluciones Naturales\u00ae por hect\u00e1rea, realizando de 4 a 8 aplicaciones anuales. Para un mejor y r\u00e1pido resultado, se puede realizar el siguiente esquema de aplicaciones y dosis:<br \/>\n\u2022\u00a0\u00a0\u00a0 1\u00ba a\u00f1o &#8211; 40 Lt\u00a0 de Soluciones Naturales\u00ae por hect\u00e1rea, realizando 8 aplicaciones por a\u00f1o<br \/>\n\u2022\u00a0\u00a0\u00a0 2\u00ba a\u00f1o &#8211; 30 Lt de Soluciones Naturales\u00ae por hect\u00e1rea, realizando 6 aplicaciones por a\u00f1o<br \/>\n\u2022\u00a0\u00a0\u00a0 3\u00ba a\u00f1o en adelante &#8211; 20 L de Soluciones Naturales\u00ae por hect\u00e1rea, realizando 4 aplicaciones por a\u00f1o.<br \/>\n<strong>\u00a0 \u00a0 \u00a0*<\/strong> Si existe un sistema de irrigaci\u00f3n, no hay costo de aplicaci\u00f3n ya que el Soluciones Naturales\u00ae puede ser usado a trav\u00e9s del sistema, diluido directamente en el tanque de captaci\u00f3n o dosificado en el sistema venturi.<\/li>\n<\/ul>\n<p>&nbsp;<\/p>\n<p>En suelos pobres de Materia Org\u00e1nica con menos de 1,5%, el BM ser\u00e1 poco efectivo ya que ocupa de Materia Org\u00e1nica para trabajar adecuadamente.<\/p>\n<h4>Beneficios<\/h4>\n<p>\u2022\u00a0\u00a0\u00a0 Acelera la descomposici\u00f3n natural de los residuos org\u00e1nicos en los pastos, as\u00ed como de las excretas y de la paja seca.<br \/>\n\u2022\u00a0\u00a0\u00a0 Promueve la formaci\u00f3n de agregados en el suelo y aumenta la resistencia contra la compactaci\u00f3n.<br \/>\n\u2022\u00a0\u00a0\u00a0 Estimula el crecimiento de las ra\u00edces, mejorando la capacidad de absorci\u00f3n de agua y nutrientes.<br \/>\n\u2022\u00a0\u00a0\u00a0 Aumenta la viabilidad y disponibilidad de los nutrientes\u00a0 y de los fertilizantes en el suelo.<br \/>\n\u2022\u00a0\u00a0\u00a0 Mejora substancialmente la calidad del pasto.<br \/>\n\u2022\u00a0\u00a0\u00a0 Mejora la estructura y la porosidad del suelo.<br \/>\n\u2022\u00a0\u00a0\u00a0 Maximiza la conversi\u00f3n de materia org\u00e1nica en humus.<br \/>\n\u2022\u00a0\u00a0\u00a0 Aumenta la producci\u00f3n natural de humus y favorece la producci\u00f3n de sustancias org\u00e1nicas beneficiosas que promueven el crecimiento, mejorando la nutrici\u00f3n de las plantas al estar soluble el f\u00f3sforo y el potasio.<br \/>\n\u2022\u00a0\u00a0\u00a0 Aumenta la poblaci\u00f3n de microorganismos ben\u00e9ficos del suelo y ayuda a suprimir los microorganismos\u00a0 causantes de enfermedades.<br \/>\n\u2022\u00a0\u00a0\u00a0 Representa una alternativa de bajo costo para la recuperaci\u00f3n de pastos.<\/p>\n<p><!--more--><\/p>\n<h2>USO EN EL AGUA Y ALIMENTACI\u00d3N<\/h2>\n<p>El uso del Vitalit\u00ae en la alimentaci\u00f3n y en el agua ofrecida al ganado tiene como objetivo incrementar la digestibilidad y la asimilaci\u00f3n de nutrientes, esto porque los microorganismos como Lactobacillus y Saccharomyces han sido usados\u00a0 exitosamente como probi\u00f3ticos en la alimentaci\u00f3n animal. Adem\u00e1s, al hacer m\u00e1s eficiente el proceso digestivo y ruminal, con Vitalit\u00ae reduce la producci\u00f3n de gases intestinales nocivos (metano) con lo que los animales se alimentan m\u00e1s y mejor.<\/p>\n<p>El Vitalit\u00ae se puede usar de dos maneras en la alimentaci\u00f3n: por la fermentaci\u00f3n directa de alg\u00fan componente alimenticio o por la aspersi\u00f3n directa sobre el concentrado o raci\u00f3n.<\/p>\n<h4>Modo de usar y consideraciones:<\/h4>\n<ul>\n<li>Agua ofrecida a los animales:<br \/>\n\u2022\u00a0 \u00a0 \u00a01 Lt de Vitalit\u00ae por cada 3.000 Lt de agua.<br \/>\n\u2022\u00a0 \u00a0 \u00a0Diluir directamente el Vitalit\u00ae en el tanque.<br \/>\n\u2022\u00a0 \u00a0 \u00a0Reemplace el Vitalit\u00ae diariamente durante el ciclo productivo.<\/li>\n<li>Sal Mineral ofrecida a los animales:<br \/>\n\u2022\u00a0 \u00a0 \u00a01Lt de Vitalit\u00ae en 10 litros de agua limpia sin cloro.<br \/>\n\u2022\u00a0 \u00a0 \u00a0Pulverice la soluci\u00f3n sobre la sal mineral en el comedero una vez por semana.<\/li>\n<li>Alimentaci\u00f3n suplementaria:<\/li>\n<\/ul>\n<ol>\n<li>Aspersi\u00f3n directa:<br \/>\n\u2022\u00a0\u00a0\u00a0 1 Lt de Vitalit\u00ae en 100 litros de agua limpia sin cloro.<br \/>\n\u2022\u00a0\u00a0\u00a0 Pulverice la soluci\u00f3n diariamente sobre la raci\u00f3n, ensilaje o suplemento que ser\u00e1 ofrecido al ganado.<\/li>\n<li>Para la fermentaci\u00f3n del alimento:<br \/>\n\u2022\u00a0 \u00a0 Se usa de 0,5Lt a 1 Lt de Vitalit\u00ae para 10 Kg de concentrado o cualquier otro componente de la raci\u00f3n. Una vez hecha la mezcla, \u00faselo diariamente en la dosis de 1% a 3% del total del alimento ofrecido.<\/li>\n<\/ol>\n<p>Para fermentar alimento, realice los siguientes procedimientos:<\/p>\n<p>\u2022\u00a0 \u00a0 \u00a0Distribuya el material seleccionado sobre una superficie compacta y limpia, de preferencia\u00a0 una lona pl\u00e1stica o el piso de cemento;<br \/>\n\u2022\u00a0 \u00a0 \u00a0Pulverice el Vitalit\u00ae sobre todo el material, mezclando bien para homogenizar. Si el agua usada en la pulverizaci\u00f3n no es suficiente, agregue m\u00e1s agua al material para obtener una humedad final entre 30 a 35%.<br \/>\n\u2022\u00a0 \u00a0 \u00a0Coloque el material en una bolsa pl\u00e1stica o un recipiente que lo\u00a0 mantenga en condiciones\u00a0 herm\u00e9ticas. Si es posible use toneles pl\u00e1sticos de 200 Lt con tapa removible.<br \/>\n\u2022\u00a0 \u00a0 \u00a0Haga la extracci\u00f3n del aire del interior de la bolsa pl\u00e1stica o recipiente, ya sea por medio de presi\u00f3n manual o con un aspirador. Evite la entrada de aire\u00a0 cerrando\u00a0 muy bien la bolsa.<br \/>\n\u2022\u00a0 \u00a0 \u00a0Coloque las bolsas pl\u00e1sticas o el recipiente en un local fresco, sin exposici\u00f3n a la luz y deje fermentar naturalmente por 7 a 10 d\u00edas.\u00a0 Per\u00edodo en el cual debe realizar el\u00a0 control de la temperatura, para que\u00a0 no sobrepase los 35\u00baC. Si la temperatura sobrepasa este l\u00edmite, vuelva a mezclar el material.<br \/>\n\u2022\u00a0 \u00a0 \u00a0Despu\u00e9s de este per\u00edodo, el fermento debe presentar un olor agridulce agradable que nos recuerde un licor. En este momento, el fermento est\u00e1 listo para ser usado.<br \/>\n\u2022\u00a0 \u00a0 \u00a0Si el fermento no presenta olor agradable, eso significa que hubo contaminaci\u00f3n y el material debe ser descartado.<br \/>\n\u2022\u00a0 \u00a0 \u00a0Ofrezca el fermento diariamente.<br \/>\n\u2022\u00a0 \u00a0 \u00a0En la primera semana, use 1% de fermento en el total de la alimentaci\u00f3n, aumentando a 2%\u00a0 la semana siguiente y a partir de la tercera semana use 3%.<\/p>\n<h4>Beneficios<\/h4>\n<p>\u2022\u00a0\u00a0\u00a0 Suprime el mal olor de las instalaciones y del ganado.<br \/>\n\u2022\u00a0\u00a0\u00a0 Disminuye la incidencia de moscas, garrapatas y otros insectos indeseables.<br \/>\n\u2022\u00a0\u00a0\u00a0 Mejora significativamente la salud de los animales, como por ejemplo, disminuci\u00f3n de mastitis, disminuci\u00f3n de diarreas (coccidia).<br \/>\n\u2022\u00a0\u00a0\u00a0 Reduce los requerimientos regulares de medicinas, antibi\u00f3ticos y desinfectantes.<br \/>\n\u2022\u00a0\u00a0\u00a0 Reduce los factores de \u201cstress\u201d del animal, ayudando a reforzar el sistema inmunol\u00f3gico contra enfermedades.<br \/>\n\u2022\u00a0\u00a0\u00a0 Mejora la fertilidad del reba\u00f1o.<br \/>\n\u2022\u00a0\u00a0\u00a0 Tambi\u00e9n para animales de exposici\u00f3n se puede notar un mejoramiento del pelo y las pesu\u00f1as de los animales, etc.<br \/>\n\u2022\u00a0\u00a0\u00a0 Si es utilizado en la alimentaci\u00f3n, produce indirectamente esti\u00e9rcol de alta calidad.<br \/>\n\u2022\u00a0\u00a0\u00a0 Cuando es usado en el suplemento como aditivo,\u00a0 mejora la digestibilidad y el aprovechamiento de los minerales y, consecuentemente, mejora la conversi\u00f3n alimentar y la ganancia de peso de los animales.<br \/>\n\u2022\u00a0\u00a0\u00a0 Reduce la producci\u00f3n de gas metano intestinal por lo tanto los animales se alimentan m\u00e1s y mejor.<br \/>\n\u2022\u00a0\u00a0\u00a0 Mejora microbiol\u00f3gicamente la calidad del agua, adem\u00e1s la enriquece con sustancias ben\u00e9ficas (amino\u00e1cidos, vitaminas y enzimas), que\u00a0 mejoraran la digestibilidad y la asimilaci\u00f3n de nutrientes.<\/p>\n<p>Los mejores resultados se obtienen si el Vitalit\u00ae se usa de manera integral en las formas descritas anteriormente. Los microorganismos contenidos en el Vitalit\u00ae son\u00a0 naturales y ya existen en el sistema digestivo del ganado, pero en peque\u00f1as cantidades. Con el uso continuo del Vitalit\u00ae, las poblaciones de los microorganismos ben\u00e9ficos aumentan, haciendo el sistema digestivo m\u00e1s eficiente y eliminando los microorganismos pat\u00f3genos.<\/p>\n<p><!--more--><\/p>\n<h2>CONTROL DE PLAGAS<\/h2>\n<p>Las Soluciones Naturales se puede usar para mantener la sanidad del hato. En este caso, es necesario realizar la aplicaci\u00f3n de Soluciones Naturales\u00ae<\/p>\n<p><strong>Modo de usar y consideraciones<\/strong><\/p>\n<ul>\n<li>Instalaciones:<br \/>\n\u2022\u00a0 \u00a0 \u00a01 Lt para 100 Lt de agua limpia sin cloro.<br \/>\n\u2022\u00a0 \u00a0 \u00a0Pulverizar la soluci\u00f3n en toda la instalaci\u00f3n y alrededor una vez por mes.<\/li>\n<li>Ganado:<br \/>\n\u2022\u00a0 \u00a0 \u00a0Prepare una soluci\u00f3n con 2% del producto y 1% de aceite vegetal, o sea, 400 ml del producto m\u00e1s 200 ml de aceite vegetal en 19,4 Lt de agua.<br \/>\n\u2022\u00a0 \u00a0 \u00a0Pulverice todo el ganado a cada 15 d\u00edas hasta que las garrapatas y las moscas disminuyan o desaparezcan. Se los animales vuelven a quedar infestados, vuelva a realizar las aplicaciones a cada 15 d\u00edas.<\/li>\n<\/ul>\n<h4>Beneficios<\/h4>\n<ul>\n<li>Reducci\u00f3n en la infestaci\u00f3n de garrapatas y de moscas en los animales.<\/li>\n<li>Reducci\u00f3n del estr\u00e9s.<\/li>\n<li>Reducci\u00f3n del uso de agroqu\u00edmicos en los animales.<\/li>\n<li>Reducci\u00f3n en los costos de la finca.<\/li>\n<\/ul>\n<p><!--more--><\/p>\n<h2>MANEJO DE RESIDUOS ORG\u00c1NICOS<\/h2>\n<p>Las Soluciones Naturales\u00ae pueden ser empleadas para realizar el manejo y el tratamiento del esti\u00e9rcol directamente en el corral, transformando todos los residuos en un abono de excelente calidad, enriquecido con microorganismos y substancias ben\u00e9ficas.<\/p>\n<h4>Modo de usar y consideraciones<\/h4>\n<p>\u2022\u00a0\u00a0\u00a0 1 Lt de Soluciones Naturales\u00ae por cada 300 m\u00b2 de corral.<br \/>\n\u2022\u00a0\u00a0\u00a0 Diluir las\u00a0Soluciones Naturales\u00ae en 19 litros de agua limpia sin cloro y pulverizar en los 300 m\u00b2.<br \/>\n\u2022\u00a0\u00a0\u00a0 Concentre la pulverizaci\u00f3n directamente hacia las excretas y al piso del corral.<br \/>\n\u2022\u00a0\u00a0\u00a0 Estas aplicaciones diarias deben realizarse, preferiblemente, antes de recoger el esti\u00e9rcol<br \/>\n\u2022\u00a0\u00a0\u00a0 Si se trabaja con camas, pulver\u00edcelas diariamente despu\u00e9s de que el ganado sale del corral.<br \/>\n\u2022\u00a0\u00a0\u00a0 Para tanques de colecta y almacenamiento de esti\u00e9rcol, aplique 1 Lt de las Soluciones Naturales\u00ae para cada 1 m\u00b3 del volumen total del esti\u00e9rcol. Esta inoculaci\u00f3n\u00a0 acelera el proceso de humificaci\u00f3n del esti\u00e9rcol,\u00a0 elimina el mal olor y reduce la presencia de insectos.<\/p>\n<p>Para los casos donde se genera un gran volumen de esti\u00e9rcol y de otros residuos org\u00e1nicos, por ejemplo, sistema de confinamiento, los residuos se pueden transformar en un f\u00e9rtil abono en un per\u00edodo de 2 a 3 semanas. El producto final puede ser reaplicado en el campo o ensacado y comercializado. Para esto, use las siguientes recomendaciones:<\/p>\n<h4>Modo de usar y consideraciones<\/h4>\n<p>\u2022\u00a0\u00a0\u00a0 1 Lt de Soluciones Naturales\u00ae por cada 1m\u00b3 o tonelada de material (total de la mezcla de los residuos). Diluya 1 Lt de Soluciones Naturales\u00ae en 18 Lt de agua.<br \/>\n\u2022\u00a0\u00a0\u00a0 Si es posible, agregar a la mezcla de los residuos cal virgen o yeso en la proporci\u00f3n de 10Kg por m\u00b3, para ayudar en la retenci\u00f3n del nitr\u00f3geno.<br \/>\n\u2022\u00a0\u00a0\u00a0 Se las part\u00edculas de los residuos son muy grandes, triture el material. Esto acelerar\u00e1 el proceso de fermentaci\u00f3n.<br \/>\n\u2022\u00a0\u00a0\u00a0 Mientras mezcla el material, pulverice la soluci\u00f3n de Soluciones Naturales\u00ae sobre todo el material para que pueda entrar en contacto con todas las part\u00edculas.<br \/>\n\u2022\u00a0\u00a0\u00a0 Pulverice s\u00f3lo una vez.<br \/>\n\u2022\u00a0\u00a0\u00a0 Forme camas de 1,5m de altura por 3m de ancho para facilitar el manejo del material.<br \/>\n\u2022\u00a0\u00a0\u00a0 Para un mejor compostaje, mantenga una humedad de 40% (un 40% de humedad es \u00f3ptimo cuando al presionar el material con la mano, no escurre agua entre los dedos) y, si es posible, cubra el material con una lona pl\u00e1stica para favorecer la fermentaci\u00f3n.<br \/>\n\u2022\u00a0\u00a0\u00a0 Realice el control de la temperatura y evite que exceda los 60\u00baC. Si la temperatura traspasa este l\u00edmite, realice nuevamente la mezcla del material para bajar la temperatura.<br \/>\n\u2022\u00a0\u00a0\u00a0 Entre 2 y 3 semanas, el abono estar\u00e1 listo para ser utilizado.<br \/>\n\u2022\u00a0\u00a0\u00a0 Aplique el abono directamente en el campo en la dosis de 1kg por m\u00b2, o si lo va a comercializar, seque el abono hasta que alcance una humedad inferior al 13%, y almac\u00e9nelo normalmente.<\/p>\n<h4>Beneficios<\/h4>\n<p>\u2022\u00a0\u00a0\u00a0 Acelera el proceso de compostaje de los residuos org\u00e1nicos entre\u00a0 2 y 3 semanas.<br \/>\n\u2022\u00a0\u00a0\u00a0 Aumenta la disponibilidad de los nutrientes presentes en los residuos org\u00e1nicos, principalmente Nitr\u00f3geno y F\u00f3sforo.<br \/>\n\u2022\u00a0\u00a0\u00a0 Acelera la conversi\u00f3n de la materia org\u00e1nica en humus.<br \/>\n\u2022\u00a0\u00a0\u00a0 Enriquece el material con microorganismos ben\u00e9ficos.<br \/>\n\u2022\u00a0\u00a0\u00a0 Reduce el costo de transporte de los residuos para el campo, ya que disminuye el volumen.<br \/>\n\u2022\u00a0\u00a0\u00a0 El proceso de compostaje es inodoro y no tiene\u00a0 presencia de insectos.<br \/>\n\u2022\u00a0\u00a0\u00a0 Optimiza el espacio f\u00edsico necesario para el compostaje y, consecuentemente, disminuye el uso de maquinarias y reduce los costos de infraestructura para el aprovechamiento de los residuos.<br \/>\n\u2022\u00a0\u00a0\u00a0 Elimina el mal olor de las instalaciones y\u00a0 la presencia de moscas.<br \/>\n\u2022\u00a0\u00a0\u00a0 Es una alternativa sumamente barata para el manejo del esti\u00e9rcol y otros residuos.<\/p>\n<p><!--more--><\/p>\n<h2>LIMPIEZA DE INSTALACIONES Y CONTROL DE MALOS OLORES<\/h2>\n<p>Las\u00a0Soluciones Naturales\u00ae podr\u00e1n ser diluidas en los tanques que almacenan el agua de limpieza de las instalaciones o simplemente puede ser pulverizado manualmente para realizar la higienizaci\u00f3n y control del mal olor en las instalaciones.<\/p>\n<h4>Modo de usar y consideraciones<\/h4>\n<p>\u2022\u00a0\u00a0\u00a0 Si es usado en el agua de limpieza o en la nebulizaci\u00f3n, se usa 1 Lt de Soluciones Naturales\u00ae para cada 50 Lt de agua. Apenas diluya las\u00a0Soluciones Naturales\u00ae en el tanque, manteniendo la diluci\u00f3n de 1 para 50 Lt todas las veces que renovar el agua del tanque. Se puede usar en este caso un dosificador. Use el agua diariamente en las actividades rutineras de la granja.<br \/>\n\u2022\u00a0\u00a0\u00a0 Si es usado en la pulverizaci\u00f3n directa, se usa 1 Lt de Soluciones Naturales\u00ae en 19 Lt de agua para cada 300 m\u00b2 de instalaci\u00f3n. Realizar una pulverizaci\u00f3n diaria de las instalaciones donde est\u00e1n los cerdos y en los alrededores durante 2 semanas seguidas. Una vez que desaparezcan los olores, pulverizar 3 veces por semana hasta el final del ciclo productivo. Si los olores vuelven a aparecer, se deber\u00e1 realizar aplicaciones diarias nuevamente por una semana m\u00e1s.<\/p>\n<p>Las pulverizaciones diarias tienen como objetivo establecer las poblaciones de los<br \/>\nmicroorganismos eficaces en las excretas y en la lamina de agua, impidiendo la proliferaci\u00f3n de otros microorganismos que pudran la materia org\u00e1nica, causan el mal olor y enfermedades.<\/p>\n<h4>Beneficios<\/h4>\n<p>\u2022\u00a0\u00a0\u00a0 Promueve significativamente la reducci\u00f3n del mal olor de las instalaciones.<br \/>\n\u2022\u00a0\u00a0\u00a0 Reduce la presencia de moscas y otros insectos.<br \/>\n\u2022\u00a0\u00a0\u00a0 Inocula directamente el sistema de biodigestor, caso haya en la granja.<br \/>\n\u2022\u00a0\u00a0\u00a0 Ayuda a obtener residuos de excelente calidad que pueden ser usados como abono.<br \/>\n\u2022\u00a0\u00a0\u00a0 Es de bajo costo.<br \/>\n\u2022\u00a0\u00a0\u00a0 Es una alternativa sin impactos ambientales, adem\u00e1s de reducir el uso de productos qu\u00edmicos.<br \/>\n\u2022\u00a0\u00a0\u00a0 Promueve una buena relaci\u00f3n del productor con los vecinos.<\/p>\n<p><!--more--><\/p>\n<h2>TRATAMIENTO DE EFLUENTES<\/h2>\n<p>Una de las mejores herramientas para el tratamiento natural de los efluentes de una lecher\u00eda es con Soluciones Naturales\u00ae. El uso de las Soluciones Naturales\u00ae evita la construcci\u00f3n de instalaciones caras y de altos costos de mantenimiento para el tratamiento de los efluentes, al paso que disminuye el estr\u00e9s del hato y de los trabajadores, ya que no inhalaran gases nocivos a la salud y estar\u00e1n libres del mal olor.<br \/>\nLas\u00a0Soluciones Naturales\u00ae tambi\u00e9n podr\u00e1n ser inoculado en el sistema del biodigestor y funcionar\u00e1 como un catalizador para la descomposici\u00f3n de las excretas, incrementando la producci\u00f3n de gas metano mucho m\u00e1s purificado. Si no hay un biodigestor, las\u00a0Soluciones Naturales\u00ae podr\u00e1n ser usadas para compostar r\u00e1pidamente, y sin mal olor, todos los excrementos s\u00f3lidos.<\/p>\n<h4>Modo de usar y consideraciones<\/h4>\n<p>El tratamiento de efluentes con las Soluciones Naturales\u00ae deber\u00e1n ser realizadas en dos fases, Tratamiento de Choque y Mantenimiento.<\/p>\n<p><strong>\u00a0 \u00a0 \u00a0TRATAMIENTO DE CHOQUE<\/strong><\/p>\n<ul>\n<li>Para Sistemas con DBO entre 2.000 y 1.000 mg\/Lt, use la dosis de 1 Lt de Soluciones Naturales\u00ae para cada 500 Lt del volumen total de las lagunas o tanques de tratamiento.<\/li>\n<li>Para Sistemas con DBO abajo de 1.000 mg\/Lt, use la dosis de 1 Lt de Soluciones Naturales\u00ae para cada 1.000 Lt del volumen total de las lagunas o tanques de tratamiento.<\/li>\n<\/ul>\n<p>Para lagunas y tanques de sedimentaci\u00f3n, aireados o no, seguir el siguiente esquema de aplicaciones:<\/p>\n<ul>\n<li>Primer mes: 3 aplicaciones semanales en la dosis recomendada de acuerdo con el DBO del sistema.<\/li>\n<li>Si al terminar el tratamiento no hay resultados significativos, repetir la dosis por 1 mes m\u00e1s.<\/li>\n<\/ul>\n<p><strong>\u00a0 \u00a0 \u00a0MANTENIMIENTO DEL SISTEMA<\/strong><\/p>\n<ul>\n<li>Realizar el mantenimiento del sistema aplicando semanalmente 1 Lt de Soluciones Naturales\u00ae para cada 1.000 Lt de efluente, con base en la carga diaria del sistema.<\/li>\n<li>Despu\u00e9s de 6 meses de mantenimiento, se realizan apenas aplicaciones trimestrales con la misma dosis.<\/li>\n<li>El mantenimiento ser\u00e1 necesario siempre y cuando hayan descargas diarias en las lagunas o tanques de tratamiento.<\/li>\n<\/ul>\n<h4>Beneficios<\/h4>\n<p>\u2022\u00a0\u00a0\u00a0 Reduce eficazmente el mal olor del sistema.<br \/>\n\u2022\u00a0\u00a0\u00a0 Digiere r\u00e1pidamente la materia org\u00e1nica, y consecuentemente reduce el DBO y el DQO.<br \/>\n\u2022\u00a0\u00a0\u00a0 Reduce eficientemente la concentraci\u00f3n de coliformes.<br \/>\n\u2022\u00a0\u00a0\u00a0 Reduce eficientemente los gases nocivos como amon\u00edaco, hidr\u00f3geno sulfh\u00eddrico, y el metil-mercaptano.<br \/>\n\u2022\u00a0\u00a0\u00a0 Evita la construcci\u00f3n de sistemas caros y de altos costos de mantenimiento para el tratamiento de los efluentes.<br \/>\n\u2022\u00a0\u00a0\u00a0 Incrementa la producci\u00f3n y purifica el gas metano en los biodigestores.<br \/>\n\u2022\u00a0\u00a0\u00a0 Disminuye el estr\u00e9s del plantel y de los trabajadores con la reducci\u00f3n del mal olor y de la producci\u00f3n de gases nocivos.<\/p>\n","protected":false},"excerpt":{"rendered":"<p>Soluciones Naturales\u00ae tiene una amplia gama de aplicaciones en la ganader\u00eda que van desde la recuperaci\u00f3n de pastos hasta la sanidad del ganado y de las instalaciones. El uso de la Tecnolog\u00eda BM es simple y totalmente adaptable a las condiciones existentes en los actuales sistemas de producci\u00f3n ganaderos. A continuaci\u00f3n, le informamos c\u00f3mo usar<a href=\"https:\/\/www.agricolaintegral.com\/?page_id=120\">[&#8230;]<\/a><\/p>\n","protected":false},"author":1,"featured_media":0,"parent":0,"menu_order":0,"comment_status":"closed","ping_status":"closed","template":"","meta":{"footnotes":""},"class_list":["post-120","page","type-page","status-publish","hentry"],"_links":{"self":[{"href":"https:\/\/www.agricolaintegral.com\/index.php?rest_route=\/wp\/v2\/pages\/120","targetHints":{"allow":["GET"]}}],"collection":[{"href":"https:\/\/www.agricolaintegral.com\/index.php?rest_route=\/wp\/v2\/pages"}],"about":[{"href":"https:\/\/www.agricolaintegral.com\/index.php?rest_route=\/wp\/v2\/types\/page"}],"author":[{"embeddable":true,"href":"https:\/\/www.agricolaintegral.com\/index.php?rest_route=\/wp\/v2\/users\/1"}],"replies":[{"embeddable":true,"href":"https:\/\/www.agricolaintegral.com\/index.php?rest_route=%2Fwp%2Fv2%2Fcomments&post=120"}],"version-history":[{"count":6,"href":"https:\/\/www.agricolaintegral.com\/index.php?rest_route=\/wp\/v2\/pages\/120\/revisions"}],"predecessor-version":[{"id":144,"href":"https:\/\/www.agricolaintegral.com\/index.php?rest_route=\/wp\/v2\/pages\/120\/revisions\/144"}],"wp:attachment":[{"href":"https:\/\/www.agricolaintegral.com\/index.php?rest_route=%2Fwp%2Fv2%2Fmedia&parent=120"}],"curies":[{"name":"wp","href":"https:\/\/api.w.org\/{rel}","templated":true}]}}