{"id":145,"date":"2018-02-18T19:20:58","date_gmt":"2018-02-18T19:20:58","guid":{"rendered":"http:\/\/www.agricolaintegral.bio\/?page_id=145"},"modified":"2018-02-18T17:14:16","modified_gmt":"2018-02-18T23:14:16","slug":"avicultura","status":"publish","type":"page","link":"https:\/\/www.agricolaintegral.com\/?page_id=145","title":{"rendered":"Avicultura"},"content":{"rendered":"<p>Vitalit\u00ae se est\u00e1 transformando en una gran herramienta para las unidades de producci\u00f3n animal debido a sus efectos como probi\u00f3tico, ant\u00edgeno y limpiador natural. De la misma forma, puede aplicarse en: las instalaciones, en el tratamiento de efluentes y residuos, en el agua ofrecida a los animales y en la alimentaci\u00f3n. Los mejores resultados se obtienen al combinar los diferentes usos.<\/p>\n<p><!--more--><\/p>\n<h2>USO EN EL AGUA Y EN LA ALIMENTACI\u00d3N<\/h2>\n<p>Una de las maneras m\u00e1s simples de hacer uso de esta tecnolog\u00eda es de mezclar\u00a0Vitalit\u00ae en el agua que se les ofrece a las aves. Si se usan tanques para el almacenamiento del agua; Vitalit\u00ae puede ser diluido ah\u00ed mismo.<\/p>\n<p>Es importante mencionar que Vitalit\u00ae no es compatible con cloro ni sulfato de plata, generalmente usados para la purificaci\u00f3n del agua. En este caso, si el agua ha sido tratada con estos qu\u00edmicos, el Vitalit\u00ae no tendr\u00e1 efecto, ya que los microorganismos ben\u00e9ficos son eliminados con estas sustancias.<\/p>\n<h4>Modo de usar y consideraciones<\/h4>\n<ul>\n<li>1Lt de Vitalit\u00ae para 2.000 L de agua.<\/li>\n<li>Diluir el Vitalit\u00ae en el tanque y mantener esa diluci\u00f3n manualmente o con un dosificador.<\/li>\n<li>El agua con el Vitalit\u00ae debe ser reemplazada diariamente en la rutina de la granja.<\/li>\n<\/ul>\n<h4>Beneficios<\/h4>\n<ul>\n<li>Mejora microbiol\u00f3gicamente la calidad del agua, enriqueci\u00e9ndola con substancias ben\u00e9ficas (amino\u00e1cidos, vitaminas y enzimas).<\/li>\n<li>Elimina el mal olor de las excretas.<\/li>\n<li>Equilibra la microflora intestinal de las aves y, consecuentemente, mejora la conversi\u00f3n alimentaria y la ganancia de peso por el aumento de la asimilaci\u00f3n de nutrientes. Los microorganismos\u00a0 Lactobacillus y Saccharomyces\u00a0 usados como probi\u00f3ticos\u00a0 en la producci\u00f3n animal han dado muy buenos resultados.<\/li>\n<li>Disminuye la producci\u00f3n de metano estomacal y, consecuentemente, los animales se alimentan mejor.<\/li>\n<li>Disminuye el aparecimiento de diarreas.<\/li>\n<\/ul>\n<p>A trav\u00e9s de una simple pulverizaci\u00f3n o fermentaci\u00f3n de los componentes alimenticios ofrecidos a las aves, es posible mejorar la disponibilidad de los nutrientes lo que hace m\u00e1s eficiente la nutrici\u00f3n de los animales. Como resultado, es posible:<\/p>\n<ul>\n<li>Aumentar la ganancia de peso con el mismo consumo en hasta 67gr por d\u00eda.<\/li>\n<li>Reducir la tasa de mortalidad.<\/li>\n<li>Mejorar la salud de las aves y la calidad de la carne, disminuyendo el colesterol en hasta 17%.<\/li>\n<li>Producir huevos m\u00e1s pesados (+3,7%) con yemas m\u00e1s rojas debido a una mejor s\u00edntesis del caroteno, una clara m\u00e1s consistente por una mejor s\u00edntesis de la albumina y una c\u00e1scara m\u00e1s dura por una mejor asimilaci\u00f3n del calcio.<\/li>\n<li>Obtener 6,5% de huevos m\u00e1s grandes en la producci\u00f3n.<\/li>\n<\/ul>\n<p>Vitalit\u00ae se puede usar de dos maneras en la alimentaci\u00f3n: por la fermentaci\u00f3n directa de alg\u00fan componente alimenticio o por la aspersi\u00f3n directa sobre el concentrado alimenticio.<\/p>\n<h4>Modo de usar y consideraciones<\/h4>\n<p>Para la aspersi\u00f3n directa prepare una soluci\u00f3n con 1 Lt de Vitalit\u00ae diluido en 100 Lt de agua y pulverice diariamente\u00a0 la raci\u00f3n o concentrado durante todo el ciclo de producci\u00f3n.<\/p>\n<p>Para la fermentaci\u00f3n del alimento, se usa de 0,5Lt a 1 Lt de Vitalit\u00ae para 10 Kg de concentrado o cualquier otro componente de la raci\u00f3n como salvado de trigo, salvado de ma\u00edz, etc. \u00faselo diariamente en la dosis de 1% a 3% del total del alimento ofrecido.<\/p>\n<p><!--more--><\/p>\n<h2>MANEJO DE RESIDUOS ORG\u00c1NICOS<\/h2>\n<p>Con las Soluciones Naturales\u00ae se puede usar para convertir, r\u00e1pidamente y sin malos olores, en un excelente compostaje todos los residuos org\u00e1nicos de la granja, sean estos\u00a0 pollos muertos, los descartes de huevos, las camas y las excretas.<\/p>\n<h4>Modo de usar y consideraciones<\/h4>\n<ul>\n<li>Generalmente 18 Lt de agua son suficientes para pulverizar 1m\u00b3 de material a ser compostado. Diluya 1 Lt de Soluciones Naturales\u00ae en 18 Lt de agua.<\/li>\n<li>Si las part\u00edculas de los residuos son muy grandes, triture el material. Esto acelera el proceso de compostaje.<\/li>\n<li>Si es posible, agregar a la mezcla cal virgen o yeso, en la proporci\u00f3n de 10Kg por m\u00b3, para ayudar en la retenci\u00f3n del nitr\u00f3geno.<\/li>\n<li>En caso de compostar los animales muertos o el descarte de huevos, se recomienda triturar o picar el material y agregar un 60% de cama de pollo, aserr\u00edn u otro material org\u00e1nico fibroso para ayudar a disminuir la humedad.<\/li>\n<li>Mientras mezcla el material, pulverice la soluci\u00f3n de Soluciones Naturales\u00ae sobre todo el material para que pueda entrar en contacto con todas las part\u00edculas.<\/li>\n<li>Pulverice s\u00f3lo una vez.<\/li>\n<li>Forme camas de 1,5m de altura por 3m de ancho para facilitar el manejo del material.<\/li>\n<li>Para un mejor compostaje, mantenga una humedad de 40% (un 40% de humedad es \u00f3ptimo cuando al presionar el material con la mano, no escurre agua entre los dedos) y, si es posible, cubra el material con una lona pl\u00e1stica para favorecer la fermentaci\u00f3n.<\/li>\n<li>Realice el control de la temperatura y evite que\u00a0 exceda los 60\u00baC. Si la temperatura traspasa este l\u00edmite, realice nuevamente la mezcla del material para bajar la temperatura.<\/li>\n<li>Entre 6 y 8 semanas, el abono estar\u00e1 listo para ser utilizado.<\/li>\n<li>Si el abono es comercializado o almacenado se debe secar hasta que alcance una humedad inferior a 13%.<\/li>\n<li>La dosis de aplicaci\u00f3n del abono en el campo es de 1kg por m\u00b2.<\/li>\n<\/ul>\n<h4>Beneficios<\/h4>\n<ul>\n<li>Acelera el proceso de compostaje de los residuos org\u00e1nicos, en un lapso de 6 a 8 semanas.<\/li>\n<li>Aumenta la disponibilidad de los nutrientes contenidos en los residuos org\u00e1nicos, principalmente Nitr\u00f3geno y F\u00f3sforo.<\/li>\n<li>Acelera la conversi\u00f3n da materia org\u00e1nica en humus.<\/li>\n<li>Enriquece el compost con microorganismos ben\u00e9ficos.<\/li>\n<li>Reduce el costo de transporte de los residuos para el campo, ya que disminuye el volumen.<\/li>\n<li>El proceso de compostaje es inodoro y sin presencia de insectos.<\/li>\n<li>Optimiza el espacio f\u00edsico necesario para el compostaje y, consecuentemente, disminuye el uso de infraestructura.<\/li>\n<\/ul>\n<p><!--more--><\/p>\n<h2>LIMPIEZA DE INSTALACIONES Y CONTROL DE MALOS OLORES<\/h2>\n<p>Para realizar el proceso de higienizaci\u00f3n y control de malos olores, las\u00a0Soluciones Naturales\u00ae \u00a0se puede diluir en los tanques de almacenamiento del agua de limpieza o de nebulizaci\u00f3n de las instalaciones. Caso no haya ning\u00fan sistema automatizado, se puede aplicar con bomba de espalda directamente en las camas.<\/p>\n<h4>Modo de usar y consideraciones<\/h4>\n<ul>\n<li>Si es usado en el agua de limpieza o nebulizaci\u00f3n, se usa 1 Lt de Soluciones Naturales\u00ae para cada 50 Lt agua.\u00a0 Diluya las\u00a0Soluciones Naturales\u00ae en el tanque manteniendo la diluci\u00f3n de 1:50 todas las veces que renueve el agua del tanque, en este caso se puede usar un dosificador. Use la mezcla diariamente en las actividades de rutina de la granja.<\/li>\n<li>En la pulverizaci\u00f3n directa se usa 1 Lt de Soluciones Naturales\u00ae en 19 Lt de agua para cada 300 m\u00b2 de instalaci\u00f3n o cama. Realizar una pulverizaci\u00f3n diaria de las camas durante 2 semanas seguidas. Una vez que desaparezcan los malos olores, pulverizar 3 veces por semana hasta el final del ciclo productivo. Si los malos olores reaparecen; se deben reanudar\u00a0 las aplicaciones diarias durante una semana m\u00e1s.<\/li>\n<\/ul>\n<p>Las pulverizaciones diarias tienen como objetivo establecer las poblaciones de los microorganismos eficaces en las excretas y en la cama para impedir la proliferaci\u00f3n de otros microorganismos que pudran la materia org\u00e1nica. As\u00ed, por medio de la fermentaci\u00f3n del material, las\u00a0Soluciones Naturales\u00ae reduce la generaci\u00f3n de malos olores y, consecuentemente, reduce la incidencia de enfermedades respiratorias y la presencia de insectos.<\/p>\n<h4>Beneficios<\/h4>\n<ul>\n<li>Reducci\u00f3n significativa del mal olor de las instalaciones, principalmente de las camas y excretas.<\/li>\n<li>Disminuye la presencia de moscas y de otros insectos.<\/li>\n<li>Proporciona un mejoramiento sanitario que redunda en la salud general de las aves.<\/li>\n<li>Ayuda en la obtenci\u00f3n de residuos org\u00e1nicos de excelente calidad que pueden ser usados directamente como abono.<\/li>\n<li>Es de bajo costo.<\/li>\n<li>Es una alternativa amigable con el medio pues se reduce el uso de productos qu\u00edmicos.<\/li>\n<li>Promueve una buena relaci\u00f3n del productor con los vecinos.<\/li>\n<\/ul>\n","protected":false},"excerpt":{"rendered":"<p>Vitalit\u00ae se est\u00e1 transformando en una gran herramienta para las unidades de producci\u00f3n animal debido a sus efectos como probi\u00f3tico, ant\u00edgeno y limpiador natural. De la misma forma, puede aplicarse en: las instalaciones, en el tratamiento de efluentes y residuos, en el agua ofrecida a los animales y en la alimentaci\u00f3n. Los mejores resultados se<a href=\"https:\/\/www.agricolaintegral.com\/?page_id=145\">[&#8230;]<\/a><\/p>\n","protected":false},"author":1,"featured_media":60,"parent":0,"menu_order":0,"comment_status":"closed","ping_status":"closed","template":"","meta":{"footnotes":""},"class_list":["post-145","page","type-page","status-publish","has-post-thumbnail","hentry"],"_links":{"self":[{"href":"https:\/\/www.agricolaintegral.com\/index.php?rest_route=\/wp\/v2\/pages\/145","targetHints":{"allow":["GET"]}}],"collection":[{"href":"https:\/\/www.agricolaintegral.com\/index.php?rest_route=\/wp\/v2\/pages"}],"about":[{"href":"https:\/\/www.agricolaintegral.com\/index.php?rest_route=\/wp\/v2\/types\/page"}],"author":[{"embeddable":true,"href":"https:\/\/www.agricolaintegral.com\/index.php?rest_route=\/wp\/v2\/users\/1"}],"replies":[{"embeddable":true,"href":"https:\/\/www.agricolaintegral.com\/index.php?rest_route=%2Fwp%2Fv2%2Fcomments&post=145"}],"version-history":[{"count":3,"href":"https:\/\/www.agricolaintegral.com\/index.php?rest_route=\/wp\/v2\/pages\/145\/revisions"}],"predecessor-version":[{"id":148,"href":"https:\/\/www.agricolaintegral.com\/index.php?rest_route=\/wp\/v2\/pages\/145\/revisions\/148"}],"wp:featuredmedia":[{"embeddable":true,"href":"https:\/\/www.agricolaintegral.com\/index.php?rest_route=\/wp\/v2\/media\/60"}],"wp:attachment":[{"href":"https:\/\/www.agricolaintegral.com\/index.php?rest_route=%2Fwp%2Fv2%2Fmedia&parent=145"}],"curies":[{"name":"wp","href":"https:\/\/api.w.org\/{rel}","templated":true}]}}