{"id":195,"date":"2018-02-18T17:37:47","date_gmt":"2018-02-18T23:37:47","guid":{"rendered":"http:\/\/www.agricolaintegral.bio\/?page_id=195"},"modified":"2020-05-28T16:11:47","modified_gmt":"2020-05-28T22:11:47","slug":"agricultura","status":"publish","type":"page","link":"https:\/\/www.agricolaintegral.com\/?page_id=195","title":{"rendered":"Agricultura"},"content":{"rendered":"<p>Fertimin\u00ae tiene una amplia gama de aplicaciones en la agricultura que va desde el acondicionamiento del suelo, el beneficio de la producci\u00f3n, hasta el aprovechamiento final de los residuos provenientes de la industrializaci\u00f3n. El uso de Soluciones Naturales, base de nuestro producto Fertimin es simple y totalmente adaptable a las condiciones existentes en los actuales sistemas de producci\u00f3n agr\u00edcola. <!--more--><\/p>\n<h2>ACONDICIONAMIENTO Y MEJORAMIENTO DE SUELOS<\/h2>\n<p>Fertimin\u00ae puede ser utilizado para mejorar las condiciones f\u00edsico-qu\u00edmicas y microbiol\u00f3gicas del suelo; adem\u00e1s de que ayuda a acelerar la descomposici\u00f3n natural de los residuos org\u00e1nicos dejados en el campo despu\u00e9s de la cosecha.<\/p>\n<h3>Modo de Usar y Consideraciones<\/h3>\n<ul>\n<li>3 a 5 Lt por ha de Fertimin\u00ae, realizando de 4 a 8 aplicaciones anuales.<\/li>\n<\/ul>\n<p>Para un mejor y r\u00e1pido resultado, se puede realizar el siguiente esquema de aplicaciones y dosis:<\/p>\n<ul>\n<li>1\u00ba a\u00f1o &#8211; 5 Lt por ha de Fertimin\u00ae, realizando 8 aplicaciones por a\u00f1o.<\/li>\n<li>2\u00ba a\u00f1o &#8211; 3 Lt por ha Fertimin\u00ae, realizando 6 aplicaciones por a\u00f1o.<\/li>\n<li>3\u00ba a\u00f1o en adelante &#8211; 2 Lt por ha de Fertimin\u00ae, realizando 4 aplicaciones por a\u00f1o.<\/li>\n<\/ul>\n<p>* Si existe un sistema de irrigaci\u00f3n, no hay costo de aplicaci\u00f3n ya que Fertimin\u00ae puede ser usado a trav\u00e9s del sistema, diluido directamente en el tanque de captaci\u00f3n o dosificado en el sistema venturi.<\/p>\n<h3>Beneficios<\/h3>\n<ul>\n<li>Acelera la descomposici\u00f3n natural de los residuos de la cosecha dejados en el campo.<\/li>\n<li>Promueve la formaci\u00f3n de agregados en el suelo y aumenta la resistencia contra la compactaci\u00f3n.<\/li>\n<li>Estimula el crecimiento de las ra\u00edces, mejorando la capacidad de absorci\u00f3n de agua y nutrientes.<\/li>\n<li>Aumenta la viabilidad y disponibilidad de los nutrientes\u00a0 y de las fertilizaciones en el suelo.<\/li>\n<li>Mejora la calidad de producci\u00f3n: tama\u00f1o, color y resistencia de la c\u00e1scara.<\/li>\n<li>Ayuda a mejorar la estructura\u00a0 y porosidad del suelo.<\/li>\n<li>Maximiza la conversi\u00f3n de materia org\u00e1nica en humus.<\/li>\n<li>Aumenta la producci\u00f3n natural de humus y favorece la producci\u00f3n de sustancias org\u00e1nicas beneficiosas que promueven el crecimiento, mejorando la nutrici\u00f3n de las plantas al estar soluble el f\u00f3sforo y el potasio.<\/li>\n<li>Aumenta la poblaci\u00f3n de microorganismos ben\u00e9ficos y\u00a0 ayuda a suprimir los microorganismos\u00a0 causantes de enfermedades; incluso contribuye a reducir los nematodos. Consecuentemente,\u00a0\u00a0 disminuye el uso de fungicidas y nematicidas.<\/li>\n<li>Ayuda a limpiar los tubos y aspersores del sistema de irrigaci\u00f3n.<\/li>\n<\/ul>\n<p><!--more--><\/p>\n<h2>SEMILLEROS, TRASPLANTE Y SIEMBRA DIRECTA<\/h2>\n<p>Fertimin\u00ae puede ser utilizado en las primeras etapas de establecimiento de cualquier cultivo, ya sea desde el establecimiento de los semilleros, en el trasplante o hasta en la siembra directa.<\/p>\n<p>El objetivo de usar el Fertimin\u00ae en la propagaci\u00f3n (sexual o asexual), en el trasplante de pl\u00e1ntulas (ra\u00edz desnuda o con sustrato) es generar una protecci\u00f3n del material para que cuando entre en contacto con el suelo o sustrato, se minimice la aparici\u00f3n de enfermedades relacionadas con este proceso. De igual forma, el uso del Fertimin\u00ae favorece la germinaci\u00f3n de semillas y el crecimiento de rebrotes, entre otros.<\/p>\n<h3>Modo de Usar y Consideraciones<\/h3>\n<p>Fertimin\u00ae puede ser utilizado en la inoculaci\u00f3n del sustrato de pilones, preparaci\u00f3n del terreno, la siembra y trasplante y el mantenimiento tanto del suelo como del follaje de las plantas. A continuaci\u00f3n se detallar\u00e1n los usos y aplicaciones.<\/p>\n<ul>\n<li><b>Inoculaci\u00f3n del sustrato de pilones.<\/b><\/li>\n<\/ul>\n<p style=\"padding-left: 60px;\">Humedecer el sustrato con 1litro de Fertimin\u00ae en 20 litros de agua.<\/p>\n<ul>\n<li><b>Trasplante de pilones<\/b><\/li>\n<\/ul>\n<p style=\"padding-left: 60px;\">Aplicar Fertimin\u00ae al pil\u00f3n al momento de la siembra en el campo. 1 litro de Fertimin\u00ae en 20 litros de agua.<\/p>\n<ul>\n<li><b>8 d\u00edas despu\u00e9s de la siembra.<\/b><\/li>\n<\/ul>\n<p style=\"padding-left: 60px;\">Aplicaci\u00f3n foliar de 250ml por bomba de 16 litros.<\/p>\n<ul>\n<li><b>Mensual<\/b><\/li>\n<\/ul>\n<p>3 a 5 litros de Fertimin\u00ae por tonel de 200 litros, para 1 manzana de cultivo, dependiendo del la etapa fenol\u00f3gica del mismo. La aplicaci\u00f3n debe ser al tronco y\/o foliar.<\/p>\n<h3>Beneficios<\/h3>\n<ul>\n<li>Aumento de la velocidad y porcentaje de germinaci\u00f3n de las semillas, por su efecto hormonal, similar al efecto del \u00e1cido giber\u00e9lico.<\/li>\n<li>Aumento del vigor y crecimiento del tallo y ra\u00edces, desde la germinaci\u00f3n hasta la emergencia de las pl\u00e1ntulas, por su efecto similar a las rizobacterias las cuales son promotoras del crecimiento vegetal.<\/li>\n<li>Incremento de las probabilidades de supervivencia de las pl\u00e1ntulas debido al vigor de las mismas.<\/li>\n<\/ul>\n<h3><b>Recomendaciones<\/b><\/h3>\n<ul>\n<li>No mezclar con productos muy \u00e1cidos o muy alcalinos.<\/li>\n<li>Por su naturaleza org\u00e1nica se recomienda que las disoluciones hechas para ser aplicadas en el riego, se deben preparar y aplicar con el tiempo justo (2 a 3 d\u00edas m\u00e1ximo).<\/li>\n<li>Al notar la formaci\u00f3n de una sustancia blanca en la superficie, esta es producido por las levaduras y no afecta la calidad del producto, ni causa problemas con su uso.<\/li>\n<li>Fertimin\u00ae no actuar\u00e1 correctamente si se utiliza conjuntamente con fungicidas y desinfectantes, debido a que estas substancias pueden eliminar a los microorganismos ben\u00e9ficos.<\/li>\n<li>No mezclar con agua demasiado clorada, dejar el agua en un recipiente destapado, un d\u00eda antes de la diluci\u00f3n de Fertimin\u00ae para que el cloro se volatilice.<\/li>\n<li>No hacer las diluciones en ning\u00fan envase que haya contenido alguna sustancia qu\u00edmica.<\/li>\n<li>Fertimin\u00ae por ser un producto org\u00e1nico no tiene ning\u00fan efecto nocivo, ni pat\u00f3geno sobre la salud del ser humano, animales o plantas ante cualquier exposici\u00f3n.<\/li>\n<\/ul>\n","protected":false},"excerpt":{"rendered":"<p>Fertimin\u00ae tiene una amplia gama de aplicaciones en la agricultura que va desde el acondicionamiento del suelo, el beneficio de la producci\u00f3n, hasta el aprovechamiento final de los residuos provenientes de la industrializaci\u00f3n. El uso de Soluciones Naturales, base de nuestro producto Fertimin es simple y totalmente adaptable a las condiciones existentes en los actuales<a href=\"https:\/\/www.agricolaintegral.com\/?page_id=195\">[&#8230;]<\/a><\/p>\n","protected":false},"author":1,"featured_media":198,"parent":0,"menu_order":0,"comment_status":"closed","ping_status":"closed","template":"","meta":{"footnotes":""},"class_list":["post-195","page","type-page","status-publish","has-post-thumbnail","hentry"],"_links":{"self":[{"href":"https:\/\/www.agricolaintegral.com\/index.php?rest_route=\/wp\/v2\/pages\/195","targetHints":{"allow":["GET"]}}],"collection":[{"href":"https:\/\/www.agricolaintegral.com\/index.php?rest_route=\/wp\/v2\/pages"}],"about":[{"href":"https:\/\/www.agricolaintegral.com\/index.php?rest_route=\/wp\/v2\/types\/page"}],"author":[{"embeddable":true,"href":"https:\/\/www.agricolaintegral.com\/index.php?rest_route=\/wp\/v2\/users\/1"}],"replies":[{"embeddable":true,"href":"https:\/\/www.agricolaintegral.com\/index.php?rest_route=%2Fwp%2Fv2%2Fcomments&post=195"}],"version-history":[{"count":2,"href":"https:\/\/www.agricolaintegral.com\/index.php?rest_route=\/wp\/v2\/pages\/195\/revisions"}],"predecessor-version":[{"id":227,"href":"https:\/\/www.agricolaintegral.com\/index.php?rest_route=\/wp\/v2\/pages\/195\/revisions\/227"}],"wp:featuredmedia":[{"embeddable":true,"href":"https:\/\/www.agricolaintegral.com\/index.php?rest_route=\/wp\/v2\/media\/198"}],"wp:attachment":[{"href":"https:\/\/www.agricolaintegral.com\/index.php?rest_route=%2Fwp%2Fv2%2Fmedia&parent=195"}],"curies":[{"name":"wp","href":"https:\/\/api.w.org\/{rel}","templated":true}]}}